{"id":91,"date":"2025-10-05T16:04:04","date_gmt":"2025-10-05T16:04:04","guid":{"rendered":"https:\/\/accompagnement.academy\/?page_id=91"},"modified":"2025-10-05T16:24:54","modified_gmt":"2025-10-05T16:24:54","slug":"accompagnement-commerces","status":"publish","type":"page","link":"https:\/\/accompagnement.academy\/index.php\/accompagnement-commerces\/","title":{"rendered":"Accompagnement commerces"},"content":{"rendered":"\n<p>Cr\u00e9er un commerce, c\u2019est bien plus qu\u2019ouvrir une boutique : c\u2019est b\u00e2tir un projet solide et durable. Nous vous accompagnons \u00e0 chaque \u00e9tape, de l\u2019id\u00e9e \u00e0 la r\u00e9ussite, pour transformer votre ambition en r\u00e9alit\u00e9.<\/p>\n\n\n\n<p><\/p>\n\n\n\n<h2 class=\"wp-block-heading\">les \u00e9tapes de l&rsquo;accompagnement <\/h2>\n\n\n\n<p>1\/ <strong>\u00c9tude de l\u2019activit\u00e9<\/strong><\/p>\n\n\n\n<ul class=\"wp-block-list\">\n<li>Diagnostic du commerce (emplacement, client\u00e8le, offres).<\/li>\n\n\n\n<li>Analyse de la concurrence locale.<\/li>\n<\/ul>\n\n\n\n<p>2\/ <strong>Optimisation de la gestion<\/strong><\/p>\n\n\n\n<ul class=\"wp-block-list\">\n<li>Organisation des achats et gestion des stocks.<\/li>\n\n\n\n<li>Conseils en tenue de caisse, gestion simple de la comptabilit\u00e9.<\/li>\n\n\n\n<li>Optimisation des marges et des prix.<\/li>\n<\/ul>\n\n\n\n<p>3\/ <strong>D\u00e9veloppement de la client\u00e8le<\/strong><\/p>\n\n\n\n<ul class=\"wp-block-list\">\n<li>Mise en place d\u2019actions de fid\u00e9lisation.<\/li>\n\n\n\n<li>Communication locale et digitale (r\u00e9seaux sociaux, site internet, partenariats).<\/li>\n\n\n\n<li>Am\u00e9lioration de l\u2019exp\u00e9rience client (accueil, service, am\u00e9nagement du point de vente).<\/li>\n<\/ul>\n\n\n\n<p>4\/ <strong>Soutien administratif et r\u00e9glementaire<\/strong><\/p>\n\n\n\n<ul class=\"wp-block-list\">\n<li>Accompagnement aux obligations l\u00e9gales (URSSAF, TVA, licences, hygi\u00e8ne, s\u00e9curit\u00e9).<\/li>\n\n\n\n<li>Veille r\u00e9glementaire pour anticiper les changements.<\/li>\n<\/ul>\n\n\n\n<p>5\/ <strong>Accompagnement personnalis\u00e9<\/strong><\/p>\n\n\n\n<ul class=\"wp-block-list\">\n<li>Coaching individuel du commer\u00e7ant.<\/li>\n\n\n\n<li>Suivi mensuel des performances (chiffre d\u2019affaires, fr\u00e9quentation, panier moyen).<\/li>\n\n\n\n<li>Formation sur des th\u00e9matiques pratiques (vente, relation client, gestion des r\u00e9seaux sociaux).<\/li>\n<\/ul>\n\n\n\n<p><\/p>\n\n\n\n<p><\/p>\n\n\n\n<p><\/p>\n\n\n\n<div class=\"wp-block-buttons is-layout-flex wp-block-buttons-is-layout-flex\">\n<div class=\"wp-block-button\"><a class=\"wp-block-button__link wp-element-button\">Devis sous 24 heures <\/a><\/div>\n<\/div>\n\n\n\n<p><\/p>\n","protected":false},"excerpt":{"rendered":"<p>Cr\u00e9er un commerce, c\u2019est bien plus qu\u2019ouvrir une boutique : c\u2019est b\u00e2tir un projet solide et durable. Nous vous accompagnons \u00e0 chaque \u00e9tape, de l\u2019id\u00e9e \u00e0 la r\u00e9ussite, pour transformer votre ambition en r\u00e9alit\u00e9. les \u00e9tapes de l&rsquo;accompagnement 1\/ \u00c9tude de l\u2019activit\u00e9 2\/ Optimisation de la gestion 3\/ D\u00e9veloppement de la client\u00e8le 4\/ Soutien administratif [&hellip;]<\/p>\n","protected":false},"author":1,"featured_media":0,"parent":0,"menu_order":0,"comment_status":"closed","ping_status":"closed","template":"","meta":{"footnotes":""},"class_list":["post-91","page","type-page","status-publish","hentry"],"_links":{"self":[{"href":"https:\/\/accompagnement.academy\/index.php\/wp-json\/wp\/v2\/pages\/91","targetHints":{"allow":["GET"]}}],"collection":[{"href":"https:\/\/accompagnement.academy\/index.php\/wp-json\/wp\/v2\/pages"}],"about":[{"href":"https:\/\/accompagnement.academy\/index.php\/wp-json\/wp\/v2\/types\/page"}],"author":[{"embeddable":true,"href":"https:\/\/accompagnement.academy\/index.php\/wp-json\/wp\/v2\/users\/1"}],"replies":[{"embeddable":true,"href":"https:\/\/accompagnement.academy\/index.php\/wp-json\/wp\/v2\/comments?post=91"}],"version-history":[{"count":3,"href":"https:\/\/accompagnement.academy\/index.php\/wp-json\/wp\/v2\/pages\/91\/revisions"}],"predecessor-version":[{"id":100,"href":"https:\/\/accompagnement.academy\/index.php\/wp-json\/wp\/v2\/pages\/91\/revisions\/100"}],"wp:attachment":[{"href":"https:\/\/accompagnement.academy\/index.php\/wp-json\/wp\/v2\/media?parent=91"}],"curies":[{"name":"wp","href":"https:\/\/api.w.org\/{rel}","templated":true}]}}