{"id":88,"date":"2025-10-05T16:01:00","date_gmt":"2025-10-05T16:01:00","guid":{"rendered":"https:\/\/accompagnement.academy\/?page_id=88"},"modified":"2025-10-05T16:24:02","modified_gmt":"2025-10-05T16:24:02","slug":"accompagnement-pme","status":"publish","type":"page","link":"https:\/\/accompagnement.academy\/index.php\/accompagnement-pme\/","title":{"rendered":"Accompagnement PME"},"content":{"rendered":"\n<p>Accompagner un projet PME, c\u2019est donner les cl\u00e9s pour grandir en toute confiance. De la gestion quotidienne \u00e0 la strat\u00e9gie de d\u00e9veloppement, nous vous guidons pas \u00e0 pas afin de s\u00e9curiser vos choix et maximiser vos r\u00e9sultats.<\/p>\n\n\n\n<p><\/p>\n\n\n\n<p><\/p>\n\n\n\n<h2 class=\"wp-block-heading\">Les \u00e9tapes de l&rsquo;accompagnement <\/h2>\n\n\n\n<p>1\/ <strong>Analyse initiale<\/strong><\/p>\n\n\n\n<ul class=\"wp-block-list\">\n<li>Diagnostic de l\u2019entreprise (forces, faiblesses, opportunit\u00e9s, risques).<\/li>\n\n\n\n<li>\u00c9tude du march\u00e9 et positionnement.<\/li>\n\n\n\n<li>D\u00e9finition des objectifs strat\u00e9giques.<\/li>\n<\/ul>\n\n\n\n<p>2\/ <strong>Gestion et organisation interne<\/strong><\/p>\n\n\n\n<ul class=\"wp-block-list\">\n<li>Aide \u00e0 la structuration juridique et administrative.<\/li>\n\n\n\n<li>Mise en place de proc\u00e9dures de gestion (facturation, comptabilit\u00e9 simplifi\u00e9e, tr\u00e9sorerie).<\/li>\n\n\n\n<li>Accompagnement au management et \u00e0 la communication interne.<\/li>\n<\/ul>\n\n\n\n<p>3\/ <strong>D\u00e9veloppement commercial<\/strong>\/ <\/p>\n\n\n\n<ul class=\"wp-block-list\">\n<li>\u00c9laboration d\u2019une strat\u00e9gie marketing et communication.<\/li>\n\n\n\n<li>Mise en place d\u2019outils de prospection et fid\u00e9lisation client.<\/li>\n\n\n\n<li>Suivi des performances commerciales.<\/li>\n<\/ul>\n\n\n\n<p>4\/ <strong>Financement et croissance<\/strong><\/p>\n\n\n\n<ul class=\"wp-block-list\">\n<li>Recherche de financements et subventions.<\/li>\n\n\n\n<li>\u00c9laboration de business plans et pr\u00e9visionnels financiers.<\/li>\n\n\n\n<li>Suivi des indicateurs cl\u00e9s (chiffre d\u2019affaires, marge, rentabilit\u00e9).<\/li>\n<\/ul>\n\n\n\n<p>5\/ <strong>Accompagnement humain et coaching<\/strong><\/p>\n\n\n\n<ul class=\"wp-block-list\">\n<li>Coaching du dirigeant et\/ou de l\u2019\u00e9quipe.<\/li>\n\n\n\n<li>D\u00e9veloppement des comp\u00e9tences.<\/li>\n\n\n\n<li>Gestion du stress et accompagnement au changement.<\/li>\n<\/ul>\n\n\n\n<p><\/p>\n\n\n\n<p><\/p>\n\n\n\n<div class=\"wp-block-buttons is-layout-flex wp-block-buttons-is-layout-flex\">\n<div class=\"wp-block-button\"><a class=\"wp-block-button__link wp-element-button\">Devis sous 24 heures <\/a><\/div>\n<\/div>\n\n\n\n<p><\/p>\n\n\n\n<p><\/p>\n\n\n\n<p><\/p>\n","protected":false},"excerpt":{"rendered":"<p>Accompagner un projet PME, c\u2019est donner les cl\u00e9s pour grandir en toute confiance. De la gestion quotidienne \u00e0 la strat\u00e9gie de d\u00e9veloppement, nous vous guidons pas \u00e0 pas afin de s\u00e9curiser vos choix et maximiser vos r\u00e9sultats. Les \u00e9tapes de l&rsquo;accompagnement 1\/ Analyse initiale 2\/ Gestion et organisation interne 3\/ D\u00e9veloppement commercial\/ 4\/ Financement et [&hellip;]<\/p>\n","protected":false},"author":1,"featured_media":0,"parent":0,"menu_order":0,"comment_status":"closed","ping_status":"closed","template":"","meta":{"footnotes":""},"class_list":["post-88","page","type-page","status-publish","hentry"],"_links":{"self":[{"href":"https:\/\/accompagnement.academy\/index.php\/wp-json\/wp\/v2\/pages\/88","targetHints":{"allow":["GET"]}}],"collection":[{"href":"https:\/\/accompagnement.academy\/index.php\/wp-json\/wp\/v2\/pages"}],"about":[{"href":"https:\/\/accompagnement.academy\/index.php\/wp-json\/wp\/v2\/types\/page"}],"author":[{"embeddable":true,"href":"https:\/\/accompagnement.academy\/index.php\/wp-json\/wp\/v2\/users\/1"}],"replies":[{"embeddable":true,"href":"https:\/\/accompagnement.academy\/index.php\/wp-json\/wp\/v2\/comments?post=88"}],"version-history":[{"count":3,"href":"https:\/\/accompagnement.academy\/index.php\/wp-json\/wp\/v2\/pages\/88\/revisions"}],"predecessor-version":[{"id":99,"href":"https:\/\/accompagnement.academy\/index.php\/wp-json\/wp\/v2\/pages\/88\/revisions\/99"}],"wp:attachment":[{"href":"https:\/\/accompagnement.academy\/index.php\/wp-json\/wp\/v2\/media?parent=88"}],"curies":[{"name":"wp","href":"https:\/\/api.w.org\/{rel}","templated":true}]}}