{"id":212,"date":"2026-04-15T16:09:03","date_gmt":"2026-04-15T16:09:03","guid":{"rendered":"https:\/\/accompagnement.academy\/?page_id=212"},"modified":"2026-04-15T16:09:03","modified_gmt":"2026-04-15T16:09:03","slug":"les-prestations-proposees","status":"publish","type":"page","link":"https:\/\/accompagnement.academy\/index.php\/les-prestations-proposees\/","title":{"rendered":"Les prestations propos\u00e9es"},"content":{"rendered":"\n<p><\/p>\n\n\n\n<h5 class=\"wp-block-heading\"><strong>\u00c9tudes et diagnostics<\/strong><\/h5>\n\n\n\n<ul class=\"wp-block-list\">\n<li>Diagnostic de territoire<\/li>\n\n\n\n<li>\u00c9tudes socio-\u00e9conomiques<\/li>\n\n\n\n<li>\u00c9tudes de faisabilit\u00e9<\/li>\n\n\n\n<li>\u00c9tudes d\u2019impact (social, environnemental, \u00e9conomique)<\/li>\n\n\n\n<li>Analyses de besoins<\/li>\n\n\n\n<li>Enqu\u00eates de terrain et consultations<\/li>\n\n\n\n<li>Audits (organisationnels, techniques, strat\u00e9giques)<\/li>\n<\/ul>\n\n\n\n<h5 class=\"wp-block-heading\"><strong>Conseil et strat\u00e9gie<\/strong><\/h5>\n\n\n\n<ul class=\"wp-block-list\">\n<li>Accompagnement \u00e0 la d\u00e9cision<\/li>\n\n\n\n<li>\u00c9laboration de strat\u00e9gies territoriales<\/li>\n\n\n\n<li>D\u00e9finition de politiques publiques<\/li>\n\n\n\n<li>Aide \u00e0 la structuration de projets<\/li>\n\n\n\n<li>Planification (sch\u00e9mas directeurs, plans d\u2019action)<\/li>\n<\/ul>\n\n\n\n<h5 class=\"wp-block-heading\"><strong>Ing\u00e9nierie de projet<\/strong><\/h5>\n\n\n\n<ul class=\"wp-block-list\">\n<li>Montage de projets (publics, associatifs, priv\u00e9s)<\/li>\n\n\n\n<li>Recherche de financements<\/li>\n\n\n\n<li>Montage de dossiers de subventions<\/li>\n\n\n\n<li>R\u00e9daction de cahiers des charges<\/li>\n\n\n\n<li>Coordination de partenaires<\/li>\n<\/ul>\n\n\n\n<h5 class=\"wp-block-heading\"><strong>Am\u00e9nagement et d\u00e9veloppement territorial<\/strong><\/h5>\n\n\n\n<ul class=\"wp-block-list\">\n<li>Projets d\u2019am\u00e9nagement urbain ou rural<\/li>\n\n\n\n<li>Revitalisation de centre-ville ou de quartier<\/li>\n\n\n\n<li>D\u00e9veloppement \u00e9conomique local<\/li>\n\n\n\n<li>Projets sociaux et culturels<\/li>\n<\/ul>\n\n\n\n<h5 class=\"wp-block-heading\"><strong>Animation et concertation<\/strong><\/h5>\n\n\n\n<ul class=\"wp-block-list\">\n<li>Organisation d\u2019ateliers participatifs<\/li>\n\n\n\n<li>R\u00e9unions publiques<\/li>\n\n\n\n<li>D\u00e9marches de concertation citoyenne<\/li>\n\n\n\n<li>M\u00e9diation entre acteurs<\/li>\n\n\n\n<li>Animation de groupes de travail<\/li>\n<\/ul>\n\n\n\n<h5 class=\"wp-block-heading\"><strong>Suivi et \u00e9valuation<\/strong><\/h5>\n\n\n\n<ul class=\"wp-block-list\">\n<li>\u00c9valuation de politiques publiques<\/li>\n\n\n\n<li>Suivi de projets<\/li>\n\n\n\n<li>Mesure d\u2019impact<\/li>\n\n\n\n<li>Bilans et rapports d\u2019activit\u00e9<\/li>\n\n\n\n<li>Ajustement des actions<\/li>\n<\/ul>\n\n\n\n<h5 class=\"wp-block-heading\"><strong>Formation et accompagnement<\/strong><\/h5>\n\n\n\n<ul class=\"wp-block-list\">\n<li>Formation des \u00e9lus ou agents<\/li>\n\n\n\n<li>Sensibilisation des publics<\/li>\n\n\n\n<li>Accompagnement au changement<\/li>\n\n\n\n<li>Transfert de comp\u00e9tences<\/li>\n<\/ul>\n\n\n\n<h5 class=\"wp-block-heading\"><strong>Production de documents<\/strong><\/h5>\n\n\n\n<ul class=\"wp-block-list\">\n<li>Rapports d\u2019\u00e9tudes<\/li>\n\n\n\n<li>Notes strat\u00e9giques<\/li>\n\n\n\n<li>Synth\u00e8ses op\u00e9rationnelles<\/li>\n\n\n\n<li>Cartographies et analyses visuelles<\/li>\n\n\n\n<li>Tableaux de bord<\/li>\n<\/ul>\n\n\n\n<h5 class=\"wp-block-heading\"><strong>Assistance \u00e0 ma\u00eetrise d\u2019ouvrage (AMO)<\/strong><\/h5>\n\n\n\n<ul class=\"wp-block-list\">\n<li>Aide au pilotage de projets<\/li>\n\n\n\n<li>Appui technique aux collectivit\u00e9s<\/li>\n\n\n\n<li>Coordination des prestataires<\/li>\n\n\n\n<li>Suivi des march\u00e9s publics<\/li>\n<\/ul>\n","protected":false},"excerpt":{"rendered":"<p>\u00c9tudes et diagnostics Conseil et strat\u00e9gie Ing\u00e9nierie de projet Am\u00e9nagement et d\u00e9veloppement territorial Animation et concertation Suivi et \u00e9valuation Formation et accompagnement Production de documents Assistance \u00e0 ma\u00eetrise d\u2019ouvrage (AMO)<\/p>\n","protected":false},"author":1,"featured_media":0,"parent":0,"menu_order":0,"comment_status":"closed","ping_status":"closed","template":"","meta":{"footnotes":""},"class_list":["post-212","page","type-page","status-publish","hentry"],"_links":{"self":[{"href":"https:\/\/accompagnement.academy\/index.php\/wp-json\/wp\/v2\/pages\/212","targetHints":{"allow":["GET"]}}],"collection":[{"href":"https:\/\/accompagnement.academy\/index.php\/wp-json\/wp\/v2\/pages"}],"about":[{"href":"https:\/\/accompagnement.academy\/index.php\/wp-json\/wp\/v2\/types\/page"}],"author":[{"embeddable":true,"href":"https:\/\/accompagnement.academy\/index.php\/wp-json\/wp\/v2\/users\/1"}],"replies":[{"embeddable":true,"href":"https:\/\/accompagnement.academy\/index.php\/wp-json\/wp\/v2\/comments?post=212"}],"version-history":[{"count":1,"href":"https:\/\/accompagnement.academy\/index.php\/wp-json\/wp\/v2\/pages\/212\/revisions"}],"predecessor-version":[{"id":213,"href":"https:\/\/accompagnement.academy\/index.php\/wp-json\/wp\/v2\/pages\/212\/revisions\/213"}],"wp:attachment":[{"href":"https:\/\/accompagnement.academy\/index.php\/wp-json\/wp\/v2\/media?parent=212"}],"curies":[{"name":"wp","href":"https:\/\/api.w.org\/{rel}","templated":true}]}}