{"id":206,"date":"2026-04-15T15:43:26","date_gmt":"2026-04-15T15:43:26","guid":{"rendered":"https:\/\/accompagnement.academy\/?page_id=206"},"modified":"2026-04-15T15:43:35","modified_gmt":"2026-04-15T15:43:35","slug":"contenu-type-de-prestation","status":"publish","type":"page","link":"https:\/\/accompagnement.academy\/index.php\/contenu-type-de-prestation\/","title":{"rendered":"Contenu type de prestation"},"content":{"rendered":"\n<h4 class=\"wp-block-heading\"><strong>Phase de diagnostic<\/strong><\/h4>\n\n\n\n<ul class=\"wp-block-list\">\n<li>Analyse des besoins du territoire<\/li>\n\n\n\n<li>Identification des publics et partenaires<\/li>\n\n\n\n<li>Rep\u00e9rage des attentes et des freins<\/li>\n<\/ul>\n\n\n\n<h4 class=\"wp-block-heading\"><strong>Conception des actions<\/strong><\/h4>\n\n\n\n<ul class=\"wp-block-list\">\n<li>D\u00e9finition d\u2019actions adapt\u00e9es \u00e0 chaque public<\/li>\n\n\n\n<li>Cr\u00e9ation de formats participatifs (ateliers, rencontres, projets collectifs)<\/li>\n\n\n\n<li>Possibilit\u00e9 de projets interg\u00e9n\u00e9rationnels<\/li>\n<\/ul>\n\n\n\n<h4 class=\"wp-block-heading\"><strong>Mise en \u0153uvre<\/strong><\/h4>\n\n\n\n<ul class=\"wp-block-list\">\n<li>Animation des groupes<\/li>\n\n\n\n<li>Encadrement des actions<\/li>\n\n\n\n<li>Coordination avec les acteurs locaux<\/li>\n<\/ul>\n\n\n\n<h4 class=\"wp-block-heading\"><strong>Suivi et \u00e9valuation<\/strong><\/h4>\n\n\n\n<ul class=\"wp-block-list\">\n<li>Mesure de l\u2019impact social<\/li>\n\n\n\n<li>Ajustement des actions<\/li>\n\n\n\n<li>P\u00e9rennisation des dynamiques engag\u00e9es <\/li>\n<\/ul>\n\n\n\n<h3 class=\"wp-block-heading\"><strong>Finalit\u00e9<\/strong><\/h3>\n\n\n\n<p>Permettre au territoire de <strong>retrouver du lien, du sens et de l\u2019engagement<\/strong>, en s\u2019appuyant sur ses habitants, toutes g\u00e9n\u00e9rations confondues.<\/p>\n","protected":false},"excerpt":{"rendered":"<p>Phase de diagnostic Conception des actions Mise en \u0153uvre Suivi et \u00e9valuation Finalit\u00e9 Permettre au territoire de retrouver du lien, du sens et de l\u2019engagement, en s\u2019appuyant sur ses habitants, toutes g\u00e9n\u00e9rations confondues.<\/p>\n","protected":false},"author":1,"featured_media":0,"parent":0,"menu_order":0,"comment_status":"closed","ping_status":"closed","template":"","meta":{"footnotes":""},"class_list":["post-206","page","type-page","status-publish","hentry"],"_links":{"self":[{"href":"https:\/\/accompagnement.academy\/index.php\/wp-json\/wp\/v2\/pages\/206","targetHints":{"allow":["GET"]}}],"collection":[{"href":"https:\/\/accompagnement.academy\/index.php\/wp-json\/wp\/v2\/pages"}],"about":[{"href":"https:\/\/accompagnement.academy\/index.php\/wp-json\/wp\/v2\/types\/page"}],"author":[{"embeddable":true,"href":"https:\/\/accompagnement.academy\/index.php\/wp-json\/wp\/v2\/users\/1"}],"replies":[{"embeddable":true,"href":"https:\/\/accompagnement.academy\/index.php\/wp-json\/wp\/v2\/comments?post=206"}],"version-history":[{"count":2,"href":"https:\/\/accompagnement.academy\/index.php\/wp-json\/wp\/v2\/pages\/206\/revisions"}],"predecessor-version":[{"id":208,"href":"https:\/\/accompagnement.academy\/index.php\/wp-json\/wp\/v2\/pages\/206\/revisions\/208"}],"wp:attachment":[{"href":"https:\/\/accompagnement.academy\/index.php\/wp-json\/wp\/v2\/media?parent=206"}],"curies":[{"name":"wp","href":"https:\/\/api.w.org\/{rel}","templated":true}]}}