{"id":202,"date":"2026-04-15T15:39:02","date_gmt":"2026-04-15T15:39:02","guid":{"rendered":"https:\/\/accompagnement.academy\/?page_id=202"},"modified":"2026-04-15T15:44:23","modified_gmt":"2026-04-15T15:44:23","slug":"dynamiques-sociales-territoriales","status":"publish","type":"page","link":"https:\/\/accompagnement.academy\/index.php\/dynamiques-sociales-territoriales\/","title":{"rendered":"Dynamiques sociales territoriales"},"content":{"rendered":"\n<p>La prestation vise \u00e0 concevoir et mettre en \u0153uvre des <strong>actions structurantes \u00e0 destination de publics cibl\u00e9s<\/strong>, notamment les dans une logique de coh\u00e9sion sociale et de dynamisation du territoire.<\/p>\n\n\n\n<p>L\u2019objectif est de cr\u00e9er des espaces d\u2019\u00e9change, d\u2019expression et d\u2019implication, favorisant le lien social, la participation citoyenne et le mieux-vivre ensemble.<\/p>\n\n\n\n<div class=\"wp-block-columns is-layout-flex wp-container-core-columns-is-layout-28f84493 wp-block-columns-is-layout-flex\">\n<div class=\"wp-block-column is-layout-flow wp-block-column-is-layout-flow\"><\/div>\n<\/div>\n\n\n\n<div class=\"wp-block-columns is-layout-flex wp-container-core-columns-is-layout-28f84493 wp-block-columns-is-layout-flex\">\n<div class=\"wp-block-column is-layout-flow wp-block-column-is-layout-flow\"><\/div>\n<\/div>\n\n\n\n<div class=\"wp-block-columns is-layout-flex wp-container-core-columns-is-layout-28f84493 wp-block-columns-is-layout-flex\">\n<div class=\"wp-block-column is-layout-flow wp-block-column-is-layout-flow\">\n<h5 class=\"wp-block-heading\"><strong>Une approche globale et coh\u00e9rente<\/strong><\/h5>\n\n\n\n<p>L\u2019intervention ne se limite pas \u00e0 des actions isol\u00e9es, mais s\u2019inscrit dans une <strong>vision d\u2019ensemble du territoire<\/strong>, permettant de :<\/p>\n\n\n\n<ul class=\"wp-block-list\">\n<li>Cr\u00e9er une dynamique durable<\/li>\n\n\n\n<li>Structurer des groupes identifi\u00e9s<\/li>\n\n\n\n<li>Favoriser les passerelles entre g\u00e9n\u00e9rations<\/li>\n\n\n\n<li>Inscrire les actions dans le temps<\/li>\n<\/ul>\n<\/div>\n\n\n\n<div class=\"wp-block-column is-layout-flow wp-block-column-is-layout-flow\">\n<h3 class=\"wp-block-heading\"><strong>Publics concern\u00e9s<\/strong><\/h3>\n\n\n\n<ul class=\"wp-block-list\">\n<li><strong>Personnes \u00e2g\u00e9es<\/strong> : lutte contre l\u2019isolement, maintien du lien social, valorisation des parcours de vie<\/li>\n\n\n\n<li><strong>Adolescents<\/strong> : expression, responsabilisation, implication citoyenne<\/li>\n\n\n\n<li><strong>Jeunes adultes<\/strong> : insertion, engagement local, accompagnement de projets<\/li>\n\n\n\n<li><strong>Familles<\/strong> : renforcement des liens interg\u00e9n\u00e9rationnels et soutien \u00e0 la parentalit\u00e9<\/li>\n\n\n\n<li><strong>Personnes isol\u00e9es ou en situation de fragilit\u00e9<\/strong> : recr\u00e9er du lien et favoriser l\u2019inclusion<\/li>\n\n\n\n<li><strong>Habitants du territoire (tous \u00e2ges confondus)<\/strong> : participation \u00e0 la vie locale<\/li>\n\n\n\n<li><strong>Associations locales<\/strong> : partenaires et relais d\u2019actions<\/li>\n\n\n\n<li><strong>Acteurs institutionnels et \u00e9ducatifs<\/strong> : collectivit\u00e9s, \u00e9tablissements scolaires, structures sociales<\/li>\n<\/ul>\n\n\n\n<div class=\"wp-block-buttons is-layout-flex wp-block-buttons-is-layout-flex\">\n<div class=\"wp-block-button\"><a class=\"wp-block-button__link wp-element-button\" href=\"https:\/\/accompagnement.academy\/index.php\/contenu-type-de-prestation\/\">En savoir plus <\/a><\/div>\n<\/div>\n<\/div>\n\n\n\n<div class=\"wp-block-column is-layout-flow wp-block-column-is-layout-flow\">\n<h3 class=\"wp-block-heading\"><strong>Impact social<\/strong><\/h3>\n\n\n\n<ul class=\"wp-block-list\">\n<li>Cr\u00e9ation de <strong>dynamiques collectives durables<\/strong><\/li>\n\n\n\n<li>Renforcement du <strong>lien social<\/strong><\/li>\n\n\n\n<li>Approche <strong>pragmatique et adapt\u00e9e au terrain<\/strong><\/li>\n\n\n\n<li>Capacit\u00e9 \u00e0 f\u00e9d\u00e9rer diff\u00e9rents publics et acteurs<\/li>\n<\/ul>\n<\/div>\n<\/div>\n","protected":false},"excerpt":{"rendered":"<p>La prestation vise \u00e0 concevoir et mettre en \u0153uvre des actions structurantes \u00e0 destination de publics cibl\u00e9s, notamment les dans une logique de coh\u00e9sion sociale et de dynamisation du territoire. L\u2019objectif est de cr\u00e9er des espaces d\u2019\u00e9change, d\u2019expression et d\u2019implication, favorisant le lien social, la participation citoyenne et le mieux-vivre ensemble. Une approche globale et [&hellip;]<\/p>\n","protected":false},"author":1,"featured_media":0,"parent":0,"menu_order":0,"comment_status":"closed","ping_status":"closed","template":"","meta":{"footnotes":""},"class_list":["post-202","page","type-page","status-publish","hentry"],"_links":{"self":[{"href":"https:\/\/accompagnement.academy\/index.php\/wp-json\/wp\/v2\/pages\/202","targetHints":{"allow":["GET"]}}],"collection":[{"href":"https:\/\/accompagnement.academy\/index.php\/wp-json\/wp\/v2\/pages"}],"about":[{"href":"https:\/\/accompagnement.academy\/index.php\/wp-json\/wp\/v2\/types\/page"}],"author":[{"embeddable":true,"href":"https:\/\/accompagnement.academy\/index.php\/wp-json\/wp\/v2\/users\/1"}],"replies":[{"embeddable":true,"href":"https:\/\/accompagnement.academy\/index.php\/wp-json\/wp\/v2\/comments?post=202"}],"version-history":[{"count":3,"href":"https:\/\/accompagnement.academy\/index.php\/wp-json\/wp\/v2\/pages\/202\/revisions"}],"predecessor-version":[{"id":209,"href":"https:\/\/accompagnement.academy\/index.php\/wp-json\/wp\/v2\/pages\/202\/revisions\/209"}],"wp:attachment":[{"href":"https:\/\/accompagnement.academy\/index.php\/wp-json\/wp\/v2\/media?parent=202"}],"curies":[{"name":"wp","href":"https:\/\/api.w.org\/{rel}","templated":true}]}}