{"id":196,"date":"2026-04-15T15:19:43","date_gmt":"2026-04-15T15:19:43","guid":{"rendered":"https:\/\/accompagnement.academy\/?page_id=196"},"modified":"2026-04-15T15:19:43","modified_gmt":"2026-04-15T15:19:43","slug":"diagnostic-de-territoire-2","status":"publish","type":"page","link":"https:\/\/accompagnement.academy\/index.php\/diagnostic-de-territoire-2\/","title":{"rendered":"Diagnostic de territoire"},"content":{"rendered":"\n<p>La prestation  consiste \u00e0 r\u00e9aliser une analyse globale d\u2019un espace (commune, agglom\u00e9ration, zone rurale\u2026) visant \u00e0 comprendre ses caract\u00e9ristiques, ses forces, ses faiblesses et ses dynamiques, afin d\u2019aider les acteurs locaux \u00e0 prendre des d\u00e9cisions adapt\u00e9es et \u00e0 construire des projets pertinents. afin de les accompagner dans la compr\u00e9hension, l\u2019analyse et le d\u00e9veloppement de leur environnement.<\/p>\n\n\n\n<p>Elle s\u2019adresse en priorit\u00e9 aux <strong>collectivit\u00e9s territoriales<\/strong> (communes, intercommunalit\u00e9s, d\u00e9partements), tout en restant ouverte \u00e0 d\u2019autres structures telles que les associations, les entreprises ou les organismes publics et parapublics.<\/p>\n\n\n\n<p><\/p>\n\n\n\n<p><\/p>\n\n\n\n<div class=\"wp-block-columns is-layout-flex wp-container-core-columns-is-layout-28f84493 wp-block-columns-is-layout-flex\">\n<div class=\"wp-block-column is-layout-flow wp-block-column-is-layout-flow\">\n<h5 class=\"wp-block-heading has-text-align-center\"><strong>Objectifs de la mission<\/strong><\/h5>\n\n\n\n<ul class=\"wp-block-list\">\n<li>Analyser les dynamiques locales (\u00e9conomiques, sociales, urbaines)<\/li>\n\n\n\n<li>Identifier les besoins et les probl\u00e9matiques du territoire<\/li>\n\n\n\n<li>Mettre en \u00e9vidence les forces et les axes d\u2019am\u00e9lioration<\/li>\n\n\n\n<li>Aider \u00e0 la prise de d\u00e9cision strat\u00e9gique<\/li>\n<\/ul>\n<\/div>\n\n\n\n<div class=\"wp-block-column is-layout-flow wp-block-column-is-layout-flow\">\n<h5 class=\"wp-block-heading has-text-align-center\"><strong>Contenu des prestations<\/strong><\/h5>\n\n\n\n<ul class=\"wp-block-list\">\n<li>Collecte et analyse de donn\u00e9es (statistiques, terrain, entretiens)<\/li>\n\n\n\n<li>\u00c9tude des acteurs locaux, de leur interactions et dynamiques<\/li>\n\n\n\n<li>Diagnostic socio-\u00e9conomique et territorial<\/li>\n\n\n\n<li>Restitution avec pr\u00e9conisations concr\u00e8tes<\/li>\n<\/ul>\n<\/div>\n\n\n\n<div class=\"wp-block-column is-layout-flow wp-block-column-is-layout-flow\">\n<h5 class=\"wp-block-heading\"><strong>Valeur ajout\u00e9e<\/strong><\/h5>\n\n\n\n<ul class=\"wp-block-list\">\n<li>Vision globale et objective du territoire<\/li>\n\n\n\n<li>Aide \u00e0 la d\u00e9cision et \u00e0 la planification<\/li>\n\n\n\n<li>Outils adapt\u00e9s aux r\u00e9alit\u00e9s locales<\/li>\n\n\n\n<li>Approche pragmatique et op\u00e9rationnelle<\/li>\n<\/ul>\n<\/div>\n<\/div>\n\n\n\n<p><\/p>\n","protected":false},"excerpt":{"rendered":"<p>La prestation consiste \u00e0 r\u00e9aliser une analyse globale d\u2019un espace (commune, agglom\u00e9ration, zone rurale\u2026) visant \u00e0 comprendre ses caract\u00e9ristiques, ses forces, ses faiblesses et ses dynamiques, afin d\u2019aider les acteurs locaux \u00e0 prendre des d\u00e9cisions adapt\u00e9es et \u00e0 construire des projets pertinents. afin de les accompagner dans la compr\u00e9hension, l\u2019analyse et le d\u00e9veloppement de leur [&hellip;]<\/p>\n","protected":false},"author":1,"featured_media":0,"parent":0,"menu_order":0,"comment_status":"closed","ping_status":"closed","template":"","meta":{"footnotes":""},"class_list":["post-196","page","type-page","status-publish","hentry"],"_links":{"self":[{"href":"https:\/\/accompagnement.academy\/index.php\/wp-json\/wp\/v2\/pages\/196","targetHints":{"allow":["GET"]}}],"collection":[{"href":"https:\/\/accompagnement.academy\/index.php\/wp-json\/wp\/v2\/pages"}],"about":[{"href":"https:\/\/accompagnement.academy\/index.php\/wp-json\/wp\/v2\/types\/page"}],"author":[{"embeddable":true,"href":"https:\/\/accompagnement.academy\/index.php\/wp-json\/wp\/v2\/users\/1"}],"replies":[{"embeddable":true,"href":"https:\/\/accompagnement.academy\/index.php\/wp-json\/wp\/v2\/comments?post=196"}],"version-history":[{"count":1,"href":"https:\/\/accompagnement.academy\/index.php\/wp-json\/wp\/v2\/pages\/196\/revisions"}],"predecessor-version":[{"id":197,"href":"https:\/\/accompagnement.academy\/index.php\/wp-json\/wp\/v2\/pages\/196\/revisions\/197"}],"wp:attachment":[{"href":"https:\/\/accompagnement.academy\/index.php\/wp-json\/wp\/v2\/media?parent=196"}],"curies":[{"name":"wp","href":"https:\/\/api.w.org\/{rel}","templated":true}]}}