{"id":181,"date":"2026-04-14T09:36:40","date_gmt":"2026-04-14T09:36:40","guid":{"rendered":"https:\/\/accompagnement.academy\/?page_id=181"},"modified":"2026-04-14T09:36:40","modified_gmt":"2026-04-14T09:36:40","slug":"la-communication","status":"publish","type":"page","link":"https:\/\/accompagnement.academy\/index.php\/la-communication\/","title":{"rendered":"La communication"},"content":{"rendered":"\n<p><\/p>\n\n\n\n<p>L\u2019enjeu de la communication des \u00e9lus est double :&nbsp;La communication \u00e9lus \u2013 citoyens et la communication interne du conseil municipal.<\/p>\n\n\n\n<p>Les \u00e9lus locaux doivent communiquer efficacement avec les habitants de leur commune pour informer sur les actions men\u00e9es, les projets en cours, ainsi que pour recueillir les avis et les suggestions de la population. Ils doivent \u00e9galement communiquer avec les acteurs locaux, les partenaires institutionnels et les m\u00e9dias pour repr\u00e9senter leur commune et d\u00e9fendre les int\u00e9r\u00eats locaux.<\/p>\n\n\n\n<p>La gestion et l\u2019animation d\u2019une r\u00e9union d\u2019\u00e9lus municipaux est un exercice important pour assurer une communication efficace et productive au sein de la municipalit\u00e9.<\/p>\n\n\n\n<p><\/p>\n\n\n\n<p>Nos formations<\/p>\n\n\n\n<p>Gestion d&rsquo;un conseil municipal, ( partie 1) <\/p>\n\n\n\n<h5 class=\"wp-block-heading\">Pr\u00e9paration :<\/h5>\n\n\n\n<p>Avant la r\u00e9union, il est essentiel de pr\u00e9parer un ordre du jour et de le partager avec tous les participants. Assurez-vous que chacun ait eu la possibilit\u00e9 de proposer des sujets \u00e0 l\u2019ordre du jour et de fournir les documents n\u00e9cessaires pour leur discussion.<\/p>\n\n\n\n<p>En savoir plus <\/p>\n\n\n\n<p>Gestion d&rsquo;un conseil municipal (partie 2) <\/p>\n\n\n\n<h5 class=\"wp-block-heading\">Animation :<\/h5>\n\n\n\n<p>Pendant la r\u00e9union, il est important de maintenir une bonne ambiance et de favoriser la participation de tous les \u00e9lus. Assurez-vous que les discussions sont claires et pertinentes, et que chacun ait la possibilit\u00e9 de s\u2019exprimer.<\/p>\n\n\n\n<p>En savoir plus <\/p>\n\n\n\n<p>Animation et d\u00e9mocratie participative <\/p>\n\n\n\n<h5 class=\"wp-block-heading\"><\/h5>\n\n\n\n<p>Impliquer les citoyens dans le processus de d\u00e9cision est un \u00e9l\u00e9ment cl\u00e9 de la d\u00e9mocratie participative. Encouragez les \u00e9lus \u00e0 \u00e9couter les pr\u00e9occupations des citoyens et \u00e0 r\u00e9pondre \u00e0 leurs questions lors de la r\u00e9union.<\/p>\n\n\n\n<p>En savoir plus <\/p>\n\n\n\n<p>D\u00e9marche de communication <\/p>\n\n\n\n<p>La communication est essentielle pour assurer la transparence et la confiance dans le processus de d\u00e9cision. Assurez-vous que les informations sont communiqu\u00e9es clairement et de mani\u00e8re transparente \u00e0 tous les \u00e9lus et aux citoyens.<\/p>\n\n\n\n<p>En savoir plus <\/p>\n\n\n\n<p>Prise de parole en public <\/p>\n\n\n\n<p>Les \u00e9lus municipaux sont souvent appel\u00e9s \u00e0 prendre la parole en public lors de r\u00e9unions, de forums ou d\u2019\u00e9v\u00e9nements communautaires. Pour r\u00e9ussir une prise de parole en public, il est important de bien pr\u00e9parer son discours, de parler clairement et de mani\u00e8re concise, et de s\u2019adapter \u00e0 l\u2019auditoire. Il est \u00e9galement important d\u2019\u00eatre \u00e0 l\u2019\u00e9coute des pr\u00e9occupations des citoyens et de r\u00e9pondre \u00e0 leurs questions de mani\u00e8re honn\u00eate et transparente.<\/p>\n\n\n\n<p>En savoir plus <\/p>\n","protected":false},"excerpt":{"rendered":"<p>L\u2019enjeu de la communication des \u00e9lus est double :&nbsp;La communication \u00e9lus \u2013 citoyens et la communication interne du conseil municipal. Les \u00e9lus locaux doivent communiquer efficacement avec les habitants de leur commune pour informer sur les actions men\u00e9es, les projets en cours, ainsi que pour recueillir les avis et les suggestions de la population. Ils [&hellip;]<\/p>\n","protected":false},"author":1,"featured_media":0,"parent":0,"menu_order":0,"comment_status":"closed","ping_status":"closed","template":"","meta":{"footnotes":""},"class_list":["post-181","page","type-page","status-publish","hentry"],"_links":{"self":[{"href":"https:\/\/accompagnement.academy\/index.php\/wp-json\/wp\/v2\/pages\/181","targetHints":{"allow":["GET"]}}],"collection":[{"href":"https:\/\/accompagnement.academy\/index.php\/wp-json\/wp\/v2\/pages"}],"about":[{"href":"https:\/\/accompagnement.academy\/index.php\/wp-json\/wp\/v2\/types\/page"}],"author":[{"embeddable":true,"href":"https:\/\/accompagnement.academy\/index.php\/wp-json\/wp\/v2\/users\/1"}],"replies":[{"embeddable":true,"href":"https:\/\/accompagnement.academy\/index.php\/wp-json\/wp\/v2\/comments?post=181"}],"version-history":[{"count":1,"href":"https:\/\/accompagnement.academy\/index.php\/wp-json\/wp\/v2\/pages\/181\/revisions"}],"predecessor-version":[{"id":182,"href":"https:\/\/accompagnement.academy\/index.php\/wp-json\/wp\/v2\/pages\/181\/revisions\/182"}],"wp:attachment":[{"href":"https:\/\/accompagnement.academy\/index.php\/wp-json\/wp\/v2\/media?parent=181"}],"curies":[{"name":"wp","href":"https:\/\/api.w.org\/{rel}","templated":true}]}}