{"id":18,"date":"2025-09-16T08:50:54","date_gmt":"2025-09-16T08:50:54","guid":{"rendered":"http:\/\/accompagnement.academy\/?page_id=18"},"modified":"2025-09-21T16:13:07","modified_gmt":"2025-09-21T16:13:07","slug":"mentions-legales","status":"publish","type":"page","link":"https:\/\/accompagnement.academy\/index.php\/mentions-legales\/","title":{"rendered":"Mentions l\u00e9gales"},"content":{"rendered":"\n<p><strong>1. \u00c9diteur du site<\/strong><\/p>\n\n\n\n<p>Le site&nbsp;<a href=\"https:\/\/accompagnement.academy\">https:\/\/accompagnement.academy<\/a>&nbsp;est \u00e9dit\u00e9 par la soci\u00e9t\u00e9 MH.accounting , dont le si\u00e8ge est situ\u00e9 \u00e0 Rouen.<\/p>\n\n\n\n<p>Vous pouvez nous contacter \u00e0 l\u2019adresse suivante :&nbsp;<img decoding=\"async\" src=\"https:\/\/mail.google.com\/mail\/u\/0\/images\/cleardot.gif\" alt=\"\"> mh.accounting@gmx.com  , ou par t\u00e9l\u00e9phone au&nbsp;<a href=\"tel:06 28 56 94 28\">0607778233<\/a>.<\/p>\n\n\n\n<p><\/p>\n\n\n\n<p><strong>2. H\u00e9bergement<\/strong><\/p>\n\n\n\n<p>Le site&nbsp;<a href=\"https:\/\/accompagnement.academy\">https:\/\/accompagnement.academy<\/a>&nbsp;est h\u00e9berg\u00e9 par&nbsp;OVH, situ\u00e9 au 2 rue Kellermann 59100 Roubaix. Vous pouvez les contacter via leur site ovh.com ou par t\u00e9l\u00e9phone au 1007<\/p>\n\n\n\n<p><strong>3. Propri\u00e9t\u00e9 intellectuelle<\/strong><\/p>\n\n\n\n<p>Tous les \u00e9l\u00e9ments pr\u00e9sents sur le site&nbsp;<a href=\"https:\/\/accompagnement.academy\">https:\/\/accompagnement.academy<\/a>, incluant les textes, images, logos, vid\u00e9os et autres contenus, sont prot\u00e9g\u00e9s par le droit de la propri\u00e9t\u00e9 intellectuelle.<\/p>\n\n\n\n<p>Sauf mention contraire, ces contenus sont la propri\u00e9t\u00e9 exclusive de&nbsp;MH accounting . Toute reproduction, modification, distribution ou exploitation, m\u00eame partielle, sans autorisation \u00e9crite pr\u00e9alable est strictement interdite.<\/p>\n\n\n\n<p><strong>4. Responsabilit\u00e9<\/strong><\/p>\n\n\n\n<p>MH Accounting\u00a0s\u2019efforce de fournir des informations fiables et \u00e0 jour sur le site\u00a0<a href=\"https:\/\/accompagnement.academy\">https:\/\/accompagnement.academy<\/a>. Toutefois, elle ne peut garantir l\u2019exactitude, la compl\u00e9tude ou la mise \u00e0 jour permanente des informations diffus\u00e9es.<\/p>\n\n\n\n<p>MH Accounting ne saurait \u00eatre tenue responsable des dommages directs ou indirects r\u00e9sultant de l\u2019utilisation du site ou de l\u2019impossibilit\u00e9 d\u2019y acc\u00e9der.<\/p>\n\n\n\n<p>Le site peut contenir des liens vers des sites tiers.&nbsp;MH Accounting&nbsp;ne peut \u00eatre tenue responsable du contenu de ces sites externes ni des \u00e9ventuelles cons\u00e9quences de leur consultation.<\/p>\n\n\n\n<p><strong>5. Protection des donn\u00e9es personnelles<\/strong><\/p>\n\n\n\n<p>MH Accounting\u00a0s\u2019engage \u00e0 respecter la confidentialit\u00e9 des donn\u00e9es personnelles collect\u00e9es via le site\u00a0<a href=\"https:\/\/accompagnement.academy\">https:\/\/accompagnement.academy<\/a>\u00a0et \u00e0 les traiter conform\u00e9ment au\u00a0R\u00e8glement G\u00e9n\u00e9ral sur la Protection des Donn\u00e9es (RGPD)\u00a0et \u00e0 la loi fran\u00e7aise en vigueur.<\/p>\n\n\n\n<p>Les donn\u00e9es recueillies sont uniquement utilis\u00e9es pour r\u00e9pondre aux demandes des utilisateurs et ne sont jamais c\u00e9d\u00e9es ou revendues \u00e0 des tiers.<\/p>\n\n\n\n<p>Conform\u00e9ment \u00e0 la loi&nbsp;Informatique et Libert\u00e9s&nbsp;et au RGPD, vous disposez d\u2019un droit d\u2019acc\u00e8s, de rectification et de suppression de vos donn\u00e9es personnelles.<\/p>\n\n\n\n<p><strong>6. Cookies<\/strong><\/p>\n\n\n\n<p>Le site&nbsp;<a href=\"https:\/\/accompagnement.academy\">https:\/\/accompagnement.academy<\/a>&nbsp;utilise des cookies afin d\u2019am\u00e9liorer l\u2019exp\u00e9rience des visiteurs et d\u2019analyser la fr\u00e9quentation du site.<\/p>\n\n\n\n<p>Lors de votre premi\u00e8re visite, un bandeau vous informe de l\u2019utilisation des cookies et vous permet de les param\u00e9trer. Vous avez \u00e9galement la possibilit\u00e9 de d\u00e9sactiver ces cookies via les param\u00e8tres de votre navigateur.<\/p>\n\n\n\n<p><strong>7. Droit applicable<\/strong><\/p>\n\n\n\n<p>Les pr\u00e9sentes mentions l\u00e9gales sont r\u00e9gies par le droit fran\u00e7ais. Tout litige relatif \u00e0 l\u2019utilisation du site sera soumis aux tribunaux comp\u00e9tents.<\/p>\n\n\n\n<p><strong>Derni\u00e8re mise \u00e0 jour :<\/strong>15\/09\/2025<\/p>\n\n\n\n<p><\/p>\n","protected":false},"excerpt":{"rendered":"<p>1. \u00c9diteur du site Le site&nbsp;https:\/\/accompagnement.academy&nbsp;est \u00e9dit\u00e9 par la soci\u00e9t\u00e9 MH.accounting , dont le si\u00e8ge est situ\u00e9 \u00e0 Rouen. Vous pouvez nous contacter \u00e0 l\u2019adresse suivante :&nbsp; mh.accounting@gmx.com , ou par t\u00e9l\u00e9phone au&nbsp;0607778233. 2. H\u00e9bergement Le site&nbsp;https:\/\/accompagnement.academy&nbsp;est h\u00e9berg\u00e9 par&nbsp;OVH, situ\u00e9 au 2 rue Kellermann 59100 Roubaix. Vous pouvez les contacter via leur site ovh.com ou [&hellip;]<\/p>\n","protected":false},"author":1,"featured_media":0,"parent":0,"menu_order":0,"comment_status":"closed","ping_status":"closed","template":"","meta":{"footnotes":""},"class_list":["post-18","page","type-page","status-publish","hentry"],"_links":{"self":[{"href":"https:\/\/accompagnement.academy\/index.php\/wp-json\/wp\/v2\/pages\/18","targetHints":{"allow":["GET"]}}],"collection":[{"href":"https:\/\/accompagnement.academy\/index.php\/wp-json\/wp\/v2\/pages"}],"about":[{"href":"https:\/\/accompagnement.academy\/index.php\/wp-json\/wp\/v2\/types\/page"}],"author":[{"embeddable":true,"href":"https:\/\/accompagnement.academy\/index.php\/wp-json\/wp\/v2\/users\/1"}],"replies":[{"embeddable":true,"href":"https:\/\/accompagnement.academy\/index.php\/wp-json\/wp\/v2\/comments?post=18"}],"version-history":[{"count":5,"href":"https:\/\/accompagnement.academy\/index.php\/wp-json\/wp\/v2\/pages\/18\/revisions"}],"predecessor-version":[{"id":82,"href":"https:\/\/accompagnement.academy\/index.php\/wp-json\/wp\/v2\/pages\/18\/revisions\/82"}],"wp:attachment":[{"href":"https:\/\/accompagnement.academy\/index.php\/wp-json\/wp\/v2\/media?parent=18"}],"curies":[{"name":"wp","href":"https:\/\/api.w.org\/{rel}","templated":true}]}}