{"id":172,"date":"2026-04-14T09:16:14","date_gmt":"2026-04-14T09:16:14","guid":{"rendered":"https:\/\/accompagnement.academy\/?page_id=172"},"modified":"2026-04-14T09:38:42","modified_gmt":"2026-04-14T09:38:42","slug":"notre-pedagogie","status":"publish","type":"page","link":"https:\/\/accompagnement.academy\/index.php\/notre-pedagogie\/","title":{"rendered":"Notre p\u00e9dagogie"},"content":{"rendered":"\n<h5 class=\"wp-block-heading\">1. La structuration des formations<\/h5>\n\n\n\n<p>Il a fallu d\u00e9terminer un conducteur p\u00e9dagogique efficace r\u00e9pondant \u00e0 nos exigences professionnelles mais aussi aux attentes des \u00e9lus que l\u2019on a pu sonder au fil de nos pr\u00e9rogatives.<\/p>\n\n\n\n<p>Ainsi, nous avons opt\u00e9 pour cette organisation p\u00e9dagogique&nbsp;qui fait la particularit\u00e9 de nos interventions en mettant en place un fonctionnement et des outils p\u00e9dagogiques r\u00e9pondant aux pr\u00e9occupations de \u00e9lus locaux.<\/p>\n\n\n\n<h5 class=\"wp-block-heading\">2. Des contenus de formations r\u00e9pondant aux attentes des \u00e9lus locaux<\/h5>\n\n\n\n<p>Construire le contenu de nos formations avec les personnes concern\u00e9es est pour nous une \u00e9vidence. Il s\u2019agit de r\u00e9pondre aux probl\u00e9matiques v\u00e9cues par les \u00e9lus locaux autour de th\u00e9matiques indispensables \u00e0 conna\u00eetre pour le bon fonctionnement du mandat.<\/p>\n\n\n\n<p>Cela demande une pr\u00e9paration en amont de la formation en utilisant plus d\u2019outils comme le questionnaire ou encore les QCM (questions \u00e0 choix multiples) nous permettant de d\u00e9terminer le niveau de connaissance de chacun. L\u2019entretien en pr\u00e9sentiel reste un des outils indispensables. Lorsque cela est impossible, nous insistons pour qu\u2019il y ait au moins un \u00e9change t\u00e9l\u00e9phonique avec les participants. C\u2019est pour cette raison que nous privil\u00e9gions un petit nombre d\u2019\u00e9lus, par journ\u00e9e de formation, soit entre 7 et 10 au maximum.<\/p>\n","protected":false},"excerpt":{"rendered":"<p>1. La structuration des formations Il a fallu d\u00e9terminer un conducteur p\u00e9dagogique efficace r\u00e9pondant \u00e0 nos exigences professionnelles mais aussi aux attentes des \u00e9lus que l\u2019on a pu sonder au fil de nos pr\u00e9rogatives. Ainsi, nous avons opt\u00e9 pour cette organisation p\u00e9dagogique&nbsp;qui fait la particularit\u00e9 de nos interventions en mettant en place un fonctionnement et [&hellip;]<\/p>\n","protected":false},"author":1,"featured_media":0,"parent":0,"menu_order":0,"comment_status":"closed","ping_status":"closed","template":"","meta":{"footnotes":""},"class_list":["post-172","page","type-page","status-publish","hentry"],"_links":{"self":[{"href":"https:\/\/accompagnement.academy\/index.php\/wp-json\/wp\/v2\/pages\/172","targetHints":{"allow":["GET"]}}],"collection":[{"href":"https:\/\/accompagnement.academy\/index.php\/wp-json\/wp\/v2\/pages"}],"about":[{"href":"https:\/\/accompagnement.academy\/index.php\/wp-json\/wp\/v2\/types\/page"}],"author":[{"embeddable":true,"href":"https:\/\/accompagnement.academy\/index.php\/wp-json\/wp\/v2\/users\/1"}],"replies":[{"embeddable":true,"href":"https:\/\/accompagnement.academy\/index.php\/wp-json\/wp\/v2\/comments?post=172"}],"version-history":[{"count":2,"href":"https:\/\/accompagnement.academy\/index.php\/wp-json\/wp\/v2\/pages\/172\/revisions"}],"predecessor-version":[{"id":184,"href":"https:\/\/accompagnement.academy\/index.php\/wp-json\/wp\/v2\/pages\/172\/revisions\/184"}],"wp:attachment":[{"href":"https:\/\/accompagnement.academy\/index.php\/wp-json\/wp\/v2\/media?parent=172"}],"curies":[{"name":"wp","href":"https:\/\/api.w.org\/{rel}","templated":true}]}}