{"id":167,"date":"2026-04-14T09:10:43","date_gmt":"2026-04-14T09:10:43","guid":{"rendered":"https:\/\/accompagnement.academy\/?page_id=167"},"modified":"2026-04-14T09:10:43","modified_gmt":"2026-04-14T09:10:43","slug":"securite-et-pouvoir-de-police-responsabilite-des-elus","status":"publish","type":"page","link":"https:\/\/accompagnement.academy\/index.php\/securite-et-pouvoir-de-police-responsabilite-des-elus\/","title":{"rendered":"S\u00e9curit\u00e9 et pouvoir de police \/ responsabilit\u00e9 des \u00e9lus"},"content":{"rendered":"\n<p>L\u2019une des missions essentielles du maire est d\u2019assurer, dans sa commune, le maintien de l\u2019ordre public, c\u2019est-\u00e0 dire, la s\u00e9curit\u00e9 (voirie et circulation), la salubrit\u00e9 (assainissement, collecte des d\u00e9chets) et la tranquillit\u00e9 (manifestations sur la voie publique). Pour ce faire, le maire dispose de \u00ab pouvoirs de police administrative \u00bb, c\u2019est-\u00e0-dire une activit\u00e9 de r\u00e9glementation s\u2019appliquant unilat\u00e9ralement, afin de pr\u00e9venir d\u2019\u00e9ventuels d\u00e9sordres. Si le maire est, pour la commune, titulaire du pouvoir de police administrative g\u00e9n\u00e9rale, il dispose \u00e9galement d\u2019un certain nombre de pouvoir de police administrative sp\u00e9ciale, qui peuvent \u00eatre transf\u00e9r\u00e9s au niveau intercommunal. En termes de politiques publiques, ils peuvent s\u2019incarner \u00e0 travers diff\u00e9rentes actions, comme par exemple la vid\u00e9oprotection<\/p>\n\n\n\n<h5 class=\"wp-block-heading\">Objectif :<\/h5>\n\n\n\n<ul class=\"wp-block-list\">\n<li>Appr\u00e9hender les enjeux de la pr\u00e9vention de la d\u00e9linquance<\/li>\n\n\n\n<li>Conna\u00eetre le cadre juridique d\u2019intervention de l\u2019\u00e9lu local<\/li>\n\n\n\n<li>Mettre en \u0153uvre une politique op\u00e9rationnelle de pr\u00e9vention de la d\u00e9linquance<\/li>\n<\/ul>\n\n\n\n<p>Programme<\/p>\n\n\n\n<ol class=\"wp-block-list\">\n<li><strong>Le maire, pilote de la pr\u00e9vention de la d\u00e9linquance<\/strong>\n<ul class=\"wp-block-list\">\n<li>La comp\u00e9tence du maire<\/li>\n\n\n\n<li>\u00a0Les outils \u00e0 la disposition du maire<\/li>\n<\/ul>\n<\/li>\n\n\n\n<li><strong>La gouvernance locale de la pr\u00e9vention de la d\u00e9linquance<\/strong>\n<ul class=\"wp-block-list\">\n<li>Le Conseil Local de S\u00e9curit\u00e9 et de Pr\u00e9vention de la D\u00e9linquance et son coordonnateur<\/li>\n\n\n\n<li>Le plan local d\u2019actions de pr\u00e9vention de la d\u00e9linquance<\/li>\n\n\n\n<li>Les groupes op\u00e9rationnels<\/li>\n<\/ul>\n<\/li>\n\n\n\n<li><strong>Les moyens d\u2019action de la pr\u00e9vention de la d\u00e9linquance<\/strong>\n<ul class=\"wp-block-list\">\n<li>La police municipale<\/li>\n\n\n\n<li>La vid\u00e9oprotection<\/li>\n\n\n\n<li>La m\u00e9diation<\/li>\n\n\n\n<li>La pr\u00e9vention sp\u00e9cialis\u00e9e \u00a0\u00a0\u00a0\u00a0<\/li>\n\n\n\n<li>Le travail d\u2019Int\u00e9r\u00eat G\u00e9n\u00e9ral<\/li>\n<\/ul>\n<\/li>\n<\/ol>\n\n\n\n<p>Public concern\u00e9<\/p>\n\n\n\n<p>Tous les \u00e9lus locaux et certains\u00a0agents des collectivit\u00e9s territoriales sur demande simple aupr\u00e8s de notre organisme<\/p>\n\n\n\n<p><\/p>\n\n\n\n<p>Moyens p\u00e9dagogique<\/p>\n\n\n\n<p>Le travail s\u2019articulera entre les mises en situation, les \u00e9changes de savoir entre les participants et l\u2019aspect th\u00e9orique apport\u00e9 par l\u2019intervenant.<\/p>\n\n\n\n<p>Lors de formation intra-communales nous pr\u00e9parons des \u00e9tudes de cas cibl\u00e9es et des mises en situation concr\u00e8tes. Le programme de formation est modul\u00e9 sur mesure pour correspondre aux besoins des \u00e9lus, de la commune et des agents.<\/p>\n\n\n\n<p><\/p>\n\n\n\n<p>Modalit\u00e9 d&rsquo;\u00e9valuation<\/p>\n\n\n\n<p>Suivi de l\u2019ex\u00e9cution :<\/p>\n\n\n\n<ul class=\"wp-block-list\">\n<li>Feuilles de pr\u00e9sence sign\u00e9es par les participants et le formateur par demi-journ\u00e9e de formation.<\/li>\n\n\n\n<li>Attestation de fin de formation mentionnant les objectifs, la nature et la dur\u00e9e de l\u2019action et les r\u00e9sultats de l\u2019\u00e9valuation des acquis de la formation<\/li>\n<\/ul>\n\n\n\n<p>Appr\u00e9ciation des r\u00e9sultats :&nbsp;<\/p>\n\n\n\n<ul class=\"wp-block-list\">\n<li>Recueil individuel des attentes du stagiaire \/ questionnaire d\u2019auto-\u00e9valuation des acquis en d\u00e9but et en fin de formation \/ \u00e9valuation continue durant la session \/ remise d\u2019une attestation de fin de formation.<\/li>\n\n\n\n<li>Questionnaire de satisfaction en fin de formation.<\/li>\n<\/ul>\n","protected":false},"excerpt":{"rendered":"<p>L\u2019une des missions essentielles du maire est d\u2019assurer, dans sa commune, le maintien de l\u2019ordre public, c\u2019est-\u00e0 dire, la s\u00e9curit\u00e9 (voirie et circulation), la salubrit\u00e9 (assainissement, collecte des d\u00e9chets) et la tranquillit\u00e9 (manifestations sur la voie publique). Pour ce faire, le maire dispose de \u00ab pouvoirs de police administrative \u00bb, c\u2019est-\u00e0-dire une activit\u00e9 de r\u00e9glementation [&hellip;]<\/p>\n","protected":false},"author":1,"featured_media":0,"parent":0,"menu_order":0,"comment_status":"closed","ping_status":"closed","template":"","meta":{"footnotes":""},"class_list":["post-167","page","type-page","status-publish","hentry"],"_links":{"self":[{"href":"https:\/\/accompagnement.academy\/index.php\/wp-json\/wp\/v2\/pages\/167","targetHints":{"allow":["GET"]}}],"collection":[{"href":"https:\/\/accompagnement.academy\/index.php\/wp-json\/wp\/v2\/pages"}],"about":[{"href":"https:\/\/accompagnement.academy\/index.php\/wp-json\/wp\/v2\/types\/page"}],"author":[{"embeddable":true,"href":"https:\/\/accompagnement.academy\/index.php\/wp-json\/wp\/v2\/users\/1"}],"replies":[{"embeddable":true,"href":"https:\/\/accompagnement.academy\/index.php\/wp-json\/wp\/v2\/comments?post=167"}],"version-history":[{"count":1,"href":"https:\/\/accompagnement.academy\/index.php\/wp-json\/wp\/v2\/pages\/167\/revisions"}],"predecessor-version":[{"id":168,"href":"https:\/\/accompagnement.academy\/index.php\/wp-json\/wp\/v2\/pages\/167\/revisions\/168"}],"wp:attachment":[{"href":"https:\/\/accompagnement.academy\/index.php\/wp-json\/wp\/v2\/media?parent=167"}],"curies":[{"name":"wp","href":"https:\/\/api.w.org\/{rel}","templated":true}]}}