{"id":163,"date":"2026-04-14T09:06:18","date_gmt":"2026-04-14T09:06:18","guid":{"rendered":"https:\/\/accompagnement.academy\/?page_id=163"},"modified":"2026-04-14T09:06:26","modified_gmt":"2026-04-14T09:06:26","slug":"la-relation-etat-collectivite-territoriale","status":"publish","type":"page","link":"https:\/\/accompagnement.academy\/index.php\/la-relation-etat-collectivite-territoriale\/","title":{"rendered":"La relation Etat \/ collectivit\u00e9 territoriale"},"content":{"rendered":"\n<p>Entre enchev\u00eatrement des comp\u00e9tences, contr\u00f4le des actes et \u00e9changes financiers complexes, les relations \u00c9tat\/ collectivit\u00e9s territoriales ont \u00e9volu\u00e9 avec un certain nombre de r\u00e9formes r\u00e9centes. Le principe d\u2019indivisibilit\u00e9 de la r\u00e9publique suppose un contr\u00f4le des actes des collectivit\u00e9s par l\u2019administration territoriale de l\u2019\u00c9tat, sans s\u2019opposer \u00e0 leur libre administration. Sur le plan financier, la loi de programmation des finances publiques 2018\/2022 a pr\u00e9vu l\u2019obligation pour un certain nombre de territoires d\u2019\u00e9tablir un contrat avec l\u2019\u00c9tat visant \u00e0 atteindre des objectifs pr\u00e9cis, devenant quasiment co-pilote des finances locales. Par ailleurs, le maire, en tant que repr\u00e9sentant de l\u2019\u00c9tat, exerce certaines missions le pla\u00e7ant sous l\u2019autorit\u00e9 du pr\u00e9fet, et sous l\u2019autorit\u00e9 du procureur de la r\u00e9publique en tant qu\u2019officier d\u2019\u00e9tat civil et officier de police judiciaire. Entre libert\u00e9s et contraintes, les collectivit\u00e9s locales doivent composer au quotidien avec les services de l\u2019\u00c9tat, tant au national qu\u2019au niveau local.<\/p>\n\n\n\n<h5 class=\"wp-block-heading\">Objectif :<\/h5>\n\n\n\n<ul class=\"wp-block-list\">\n<li>Permettre aux \u00e9lus de comprendre l\u2019implication de l\u2019\u00c9tat au sein des communes.<\/li>\n\n\n\n<li>Quelles sont les comp\u00e9tences allou\u00e9es \u00e0 chaque collectivit\u00e9 territoriale ?<\/li>\n\n\n\n<li>D\u00e9terminer l\u2019ensemble des responsabilit\u00e9s des \u00e9lus et des collectivit\u00e9s territoriales<\/li>\n<\/ul>\n\n\n\n<p>Programme<\/p>\n\n\n\n<ol class=\"wp-block-list\">\n<li><strong>Identification des comp\u00e9tences<\/strong>\n<ul class=\"wp-block-list\">\n<li>Etat des lieux de l\u2019existant<\/li>\n\n\n\n<li>Clarification du r\u00f4le de chacun<\/li>\n\n\n\n<li>La mutualisation des services communaux et intercommunaux est devenue une n\u00e9cessit\u00e9<\/li>\n\n\n\n<li>La clarification des missions et de l\u2019organisation de l\u2019Etat territorial<\/li>\n<\/ul>\n<\/li>\n\n\n\n<li><strong>L\u2019all\u00e8gement des contraintes normatives<\/strong>\n<ul class=\"wp-block-list\">\n<li>Etat des lieux<\/li>\n\n\n\n<li>Propositions et recommandations<\/li>\n\n\n\n<li>Les modalit\u00e9s de d\u00e9cision et d\u2019application des mesures concernant la fonction publique<\/li>\n<\/ul>\n<\/li>\n\n\n\n<li><strong>La clarification des relations financi\u00e8res<\/strong>\n<ul class=\"wp-block-list\">\n<li>Etat des lieux<\/li>\n\n\n\n<li>Propositions et recommandations<\/li>\n<\/ul>\n<\/li>\n<\/ol>\n\n\n\n<p><\/p>\n\n\n\n<p>Public concern\u00e9<\/p>\n\n\n\n<p>Tous les \u00e9lus locaux et certains\u00a0agents des collectivit\u00e9s territoriales sur demande simple aupr\u00e8s de notre organism<\/p>\n\n\n\n<p>Moyens p\u00e9dagogique<\/p>\n\n\n\n<p>Le travail s\u2019articulera entre les mises en situation, les \u00e9changes de savoir entre les participants et l\u2019aspect th\u00e9orique apport\u00e9 par l\u2019intervenant.<\/p>\n\n\n\n<p>Lors de formation intra-communales nous pr\u00e9parons des \u00e9tudes de cas cibl\u00e9es et des mises en situation concr\u00e8tes. Le programme de formation est modul\u00e9 sur mesure pour correspondre aux besoins des \u00e9lus, de la commune et des agents.<\/p>\n\n\n\n<p>Modalit\u00e9 d&rsquo;\u00e9valuation<\/p>\n\n\n\n<p>uivi de l\u2019ex\u00e9cution :<\/p>\n\n\n\n<ul class=\"wp-block-list\">\n<li>Feuilles de pr\u00e9sence sign\u00e9es par les participants et le formateur par demi-journ\u00e9e de formation.<\/li>\n\n\n\n<li>Attestation de fin de formation mentionnant les objectifs, la nature et la dur\u00e9e de l\u2019action et les r\u00e9sultats de l\u2019\u00e9valuation des acquis de la formation <\/li>\n<\/ul>\n\n\n\n<p>Appr\u00e9ciation des r\u00e9sultats :&nbsp;<\/p>\n\n\n\n<ul class=\"wp-block-list\">\n<li>Recueil individuel des attentes du stagiaire \/ questionnaire d\u2019auto-\u00e9valuation des acquis en d\u00e9but et en fin de formation \/ \u00e9valuation continue durant la session \/ remise d\u2019une attestation de fin de formation.<\/li>\n\n\n\n<li>Questionnaire de satisfaction en fin de formation.<\/li>\n<\/ul>\n","protected":false},"excerpt":{"rendered":"<p>Entre enchev\u00eatrement des comp\u00e9tences, contr\u00f4le des actes et \u00e9changes financiers complexes, les relations \u00c9tat\/ collectivit\u00e9s territoriales ont \u00e9volu\u00e9 avec un certain nombre de r\u00e9formes r\u00e9centes. Le principe d\u2019indivisibilit\u00e9 de la r\u00e9publique suppose un contr\u00f4le des actes des collectivit\u00e9s par l\u2019administration territoriale de l\u2019\u00c9tat, sans s\u2019opposer \u00e0 leur libre administration. Sur le plan financier, la loi [&hellip;]<\/p>\n","protected":false},"author":1,"featured_media":0,"parent":0,"menu_order":0,"comment_status":"closed","ping_status":"closed","template":"","meta":{"footnotes":""},"class_list":["post-163","page","type-page","status-publish","hentry"],"_links":{"self":[{"href":"https:\/\/accompagnement.academy\/index.php\/wp-json\/wp\/v2\/pages\/163","targetHints":{"allow":["GET"]}}],"collection":[{"href":"https:\/\/accompagnement.academy\/index.php\/wp-json\/wp\/v2\/pages"}],"about":[{"href":"https:\/\/accompagnement.academy\/index.php\/wp-json\/wp\/v2\/types\/page"}],"author":[{"embeddable":true,"href":"https:\/\/accompagnement.academy\/index.php\/wp-json\/wp\/v2\/users\/1"}],"replies":[{"embeddable":true,"href":"https:\/\/accompagnement.academy\/index.php\/wp-json\/wp\/v2\/comments?post=163"}],"version-history":[{"count":2,"href":"https:\/\/accompagnement.academy\/index.php\/wp-json\/wp\/v2\/pages\/163\/revisions"}],"predecessor-version":[{"id":165,"href":"https:\/\/accompagnement.academy\/index.php\/wp-json\/wp\/v2\/pages\/163\/revisions\/165"}],"wp:attachment":[{"href":"https:\/\/accompagnement.academy\/index.php\/wp-json\/wp\/v2\/media?parent=163"}],"curies":[{"name":"wp","href":"https:\/\/api.w.org\/{rel}","templated":true}]}}