{"id":157,"date":"2026-04-14T08:58:30","date_gmt":"2026-04-14T08:58:30","guid":{"rendered":"https:\/\/accompagnement.academy\/?page_id=157"},"modified":"2026-04-14T08:58:30","modified_gmt":"2026-04-14T08:58:30","slug":"organisation-et-fonctionnement-des-intercommunalites","status":"publish","type":"page","link":"https:\/\/accompagnement.academy\/index.php\/organisation-et-fonctionnement-des-intercommunalites\/","title":{"rendered":"Organisation et fonctionnement des intercommunalit\u00e9s"},"content":{"rendered":"\n<p>Les \u00e9tablissements publics de coop\u00e9ration intercommunale (EPCI) ne sont pas\u00a0<em>stricto sensu\u00a0<\/em>des collectivit\u00e9s territoriales : l\u2019intercommunalit\u00e9 d\u00e9signe diff\u00e9rentes formes de coop\u00e9ration ou regroupement entre communes. Du syndicat \u00e0 la m\u00e9tropole, en passant par la communaut\u00e9 de communes ou d\u2019agglom\u00e9ration, les EPCI connaissent une r\u00e9partition de comp\u00e9tences obligatoires et facultatives diff\u00e9renci\u00e9es, renvoyant \u00e0 des r\u00e9gimes fiscaux parfois diff\u00e9rents. Les formes d\u2019intercommunalit\u00e9 en m\u00e9tropole fran\u00e7aise ont connu un certain nombre d\u2019\u00e9volutions sur les 20 derni\u00e8res ann\u00e9es, donnant lieu \u00e0 une pluralit\u00e9 de formes d\u2019intercommunalit\u00e9 dites de gestion ou f\u00e9d\u00e9ratives.<\/p>\n\n\n\n<h5 class=\"wp-block-heading\">Objectif :<\/h5>\n\n\n\n<ul class=\"wp-block-list\">\n<li>D\u00e9terminer et harmoniser le niveau de connaissance de chaque participant sur les EPCI<\/li>\n\n\n\n<li>Permettre aux participants d\u2019appr\u00e9hender le fonctionnement des EPCI<\/li>\n\n\n\n<li>Favoriser l\u2019implication des \u00e9lus dans les EPCI par l\u2019apport d\u2019outils administratifs<\/li>\n<\/ul>\n\n\n\n<p>Programme<\/p>\n\n\n\n<ul class=\"wp-block-list\">\n<li>Les diff\u00e9rents groupements intercommunaux<\/li>\n\n\n\n<li>La d\u00e9finition du niveau d\u2019int\u00e9gration communautaire<\/li>\n\n\n\n<li>Les cons\u00e9quences de l\u2019intercommunalit\u00e9 sur la fiscalit\u00e9 des communes<\/li>\n\n\n\n<li>Les transferts de comp\u00e9tences entre commune et EPCI<\/li>\n\n\n\n<li>Les r\u00e8gles de modification statutaire<\/li>\n\n\n\n<li>Les cons\u00e9quences des fusions d\u2019EPCI sur les personnels (2017)<\/li>\n\n\n\n<li>Les conseillers communautaires<\/li>\n\n\n\n<li>La mutualisation des agents<\/li>\n\n\n\n<li>Le\u00a0<a href=\"https:\/\/www.collectivites-locales.gouv.fr\/sites\/default\/files\/migration\/interco_sdci_dec11.pdf\" target=\"_blank\" rel=\"noreferrer noopener\">SDCI<\/a>\u00a0( Sch\u00e9ma d\u00e9partemental de coop\u00e9ration intercommunale)<\/li>\n\n\n\n<li>Les \u00e9volutions institutionnelles : cons\u00e9quences juridiques, patrimoniales, budg\u00e9taires, comptables et fiscales<\/li>\n\n\n\n<li>Les nouveaux p\u00e9rim\u00e8tres des intercommunalit\u00e9s tels qu\u2019issus des sch\u00e9mas d\u00e9partementaux de coop\u00e9ration intercommunale (SDCI)<\/li>\n\n\n\n<li>Bilans statistiques sur l\u2019intercommunalit\u00e9<\/li>\n\n\n\n<li>Cartographie des EPCI \u00e0 fiscalit\u00e9 propre<\/li>\n\n\n\n<li>Liste et composition des EPCI \u00e0 fiscalit\u00e9 propre<\/li>\n\n\n\n<li>Bilan des sch\u00e9mas d\u00e9partementaux de coop\u00e9ration intercommunale (SDCI)<\/li>\n\n\n\n<li>Donn\u00e9es financi\u00e8res<\/li>\n<\/ul>\n\n\n\n<p><\/p>\n\n\n\n<p>Public concern\u00e9<\/p>\n\n\n\n<p>Tous les \u00e9lus locaux et certains\u00a0agents des collectivit\u00e9s territoriales int\u00e9ress\u00e9 par la formation : organisation et fonctionnement des intercommunalit\u00e9s sur demande simple aupr\u00e8s de notre organisme.<\/p>\n\n\n\n<p>Moyens p\u00e9dagogique<\/p>\n\n\n\n<p>Le travail s\u2019articulera entre les mises en situation, les \u00e9changes de savoir entre les participants et l\u2019aspect th\u00e9orique apport\u00e9 par l\u2019intervenant.<\/p>\n\n\n\n<p>Lors de formation intra-communales nous pr\u00e9parons des \u00e9tudes de cas cibl\u00e9es et des mises en situation concr\u00e8tes. Le programme de formation est modul\u00e9 sur mesure pour correspondre aux besoins des \u00e9lus, de la commune et des agents.<\/p>\n\n\n\n<p>Modalit\u00e9 d&rsquo;\u00e9valuation<\/p>\n\n\n\n<p>Suivi de l\u2019ex\u00e9cution :<\/p>\n\n\n\n<ul class=\"wp-block-list\">\n<li>Feuilles de pr\u00e9sence sign\u00e9es par les participants et le formateur par demi-journ\u00e9e de formation.<\/li>\n\n\n\n<li>Attestation de fin de formation mentionnant les objectifs, la nature et la dur\u00e9e de l\u2019action et les r\u00e9sultats de l\u2019\u00e9valuation des acquis de la formation<\/li>\n<\/ul>\n\n\n\n<p>Appr\u00e9ciation des r\u00e9sultats :&nbsp;<\/p>\n\n\n\n<ul class=\"wp-block-list\">\n<li>Recueil individuel des attentes du stagiaire \/ questionnaire d\u2019auto-\u00e9valuation des acquis en d\u00e9but et en fin de formation \/ \u00e9valuation continue durant la session \/ remise d\u2019une attestation de fin de formation.<\/li>\n\n\n\n<li>Questionnaire de satisfaction en fin de formation.<\/li>\n<\/ul>\n\n\n\n<p><\/p>\n","protected":false},"excerpt":{"rendered":"<p>Les \u00e9tablissements publics de coop\u00e9ration intercommunale (EPCI) ne sont pas\u00a0stricto sensu\u00a0des collectivit\u00e9s territoriales : l\u2019intercommunalit\u00e9 d\u00e9signe diff\u00e9rentes formes de coop\u00e9ration ou regroupement entre communes. Du syndicat \u00e0 la m\u00e9tropole, en passant par la communaut\u00e9 de communes ou d\u2019agglom\u00e9ration, les EPCI connaissent une r\u00e9partition de comp\u00e9tences obligatoires et facultatives diff\u00e9renci\u00e9es, renvoyant \u00e0 des r\u00e9gimes fiscaux parfois [&hellip;]<\/p>\n","protected":false},"author":1,"featured_media":0,"parent":0,"menu_order":0,"comment_status":"closed","ping_status":"closed","template":"","meta":{"footnotes":""},"class_list":["post-157","page","type-page","status-publish","hentry"],"_links":{"self":[{"href":"https:\/\/accompagnement.academy\/index.php\/wp-json\/wp\/v2\/pages\/157","targetHints":{"allow":["GET"]}}],"collection":[{"href":"https:\/\/accompagnement.academy\/index.php\/wp-json\/wp\/v2\/pages"}],"about":[{"href":"https:\/\/accompagnement.academy\/index.php\/wp-json\/wp\/v2\/types\/page"}],"author":[{"embeddable":true,"href":"https:\/\/accompagnement.academy\/index.php\/wp-json\/wp\/v2\/users\/1"}],"replies":[{"embeddable":true,"href":"https:\/\/accompagnement.academy\/index.php\/wp-json\/wp\/v2\/comments?post=157"}],"version-history":[{"count":1,"href":"https:\/\/accompagnement.academy\/index.php\/wp-json\/wp\/v2\/pages\/157\/revisions"}],"predecessor-version":[{"id":158,"href":"https:\/\/accompagnement.academy\/index.php\/wp-json\/wp\/v2\/pages\/157\/revisions\/158"}],"wp:attachment":[{"href":"https:\/\/accompagnement.academy\/index.php\/wp-json\/wp\/v2\/media?parent=157"}],"curies":[{"name":"wp","href":"https:\/\/api.w.org\/{rel}","templated":true}]}}