{"id":145,"date":"2026-04-14T08:42:06","date_gmt":"2026-04-14T08:42:06","guid":{"rendered":"https:\/\/accompagnement.academy\/?page_id=145"},"modified":"2026-04-14T09:37:08","modified_gmt":"2026-04-14T09:37:08","slug":"formations-pour-elus-locaux","status":"publish","type":"page","link":"https:\/\/accompagnement.academy\/index.php\/formations-pour-elus-locaux\/","title":{"rendered":"Formations pour \u00e9lus locaux"},"content":{"rendered":"\n<p><a href=\"https:\/\/accompagnement.academy\/index.php\/notre-pedagogie\/\">Notre p\u00e9dagogie<\/a><\/p>\n\n\n\n<p><\/p>\n\n\n\n<p><a href=\"https:\/\/accompagnement.academy\/index.php\/les-fondamentaux-du-mandat\/\">Les fondamentaux du mandat<\/a><\/p>\n\n\n\n<p>Finances et budget<\/p>\n\n\n\n<p><a href=\"https:\/\/accompagnement.academy\/index.php\/la-communication\/\">La communication<\/a><\/p>\n\n\n\n<p>Politiques publiques et actions locales<\/p>\n\n\n\n<p>D\u00e9veloppement et am\u00e9nagement du territoire<\/p>\n\n\n\n<p><\/p>\n","protected":false},"excerpt":{"rendered":"<p>Notre p\u00e9dagogie Les fondamentaux du mandat Finances et budget La communication Politiques publiques et actions locales D\u00e9veloppement et am\u00e9nagement du territoire<\/p>\n","protected":false},"author":1,"featured_media":0,"parent":0,"menu_order":0,"comment_status":"closed","ping_status":"closed","template":"","meta":{"footnotes":""},"class_list":["post-145","page","type-page","status-publish","hentry"],"_links":{"self":[{"href":"https:\/\/accompagnement.academy\/index.php\/wp-json\/wp\/v2\/pages\/145","targetHints":{"allow":["GET"]}}],"collection":[{"href":"https:\/\/accompagnement.academy\/index.php\/wp-json\/wp\/v2\/pages"}],"about":[{"href":"https:\/\/accompagnement.academy\/index.php\/wp-json\/wp\/v2\/types\/page"}],"author":[{"embeddable":true,"href":"https:\/\/accompagnement.academy\/index.php\/wp-json\/wp\/v2\/users\/1"}],"replies":[{"embeddable":true,"href":"https:\/\/accompagnement.academy\/index.php\/wp-json\/wp\/v2\/comments?post=145"}],"version-history":[{"count":7,"href":"https:\/\/accompagnement.academy\/index.php\/wp-json\/wp\/v2\/pages\/145\/revisions"}],"predecessor-version":[{"id":183,"href":"https:\/\/accompagnement.academy\/index.php\/wp-json\/wp\/v2\/pages\/145\/revisions\/183"}],"wp:attachment":[{"href":"https:\/\/accompagnement.academy\/index.php\/wp-json\/wp\/v2\/media?parent=145"}],"curies":[{"name":"wp","href":"https:\/\/api.w.org\/{rel}","templated":true}]}}