{"id":140,"date":"2026-04-14T08:31:48","date_gmt":"2026-04-14T08:31:48","guid":{"rendered":"https:\/\/accompagnement.academy\/?page_id=140"},"modified":"2026-04-14T08:31:48","modified_gmt":"2026-04-14T08:31:48","slug":"statut-et-role-de-lelu-municipal","status":"publish","type":"page","link":"https:\/\/accompagnement.academy\/index.php\/statut-et-role-de-lelu-municipal\/","title":{"rendered":"Statut et r\u00f4le de l&rsquo;\u00e9lu municipal"},"content":{"rendered":"\n<p>Cette formation a pour objectif d\u2019aider les \u00e9lus \u00e0 saisir le monde de la collectivit\u00e9 territoriale et ma\u00eetriser le r\u00f4le et le fonctionnement du conseil municipal. Ainsi que leur permettre de comprendre et appliquer le droits et devoirs de l\u2019\u00e9lu ainsi qu\u2019appr\u00e9hender sereinement les actes administratifs et juridiques de la collectivit\u00e9.<\/p>\n\n\n\n<h5 class=\"wp-block-heading\">Objectif :<\/h5>\n\n\n\n<ul class=\"wp-block-list\">\n<li>Saisir le monde des collectivit\u00e9s territoriales<\/li>\n\n\n\n<li>Ma\u00eetriser le fonctionnement du conseil municipal<\/li>\n\n\n\n<li>Comprendre et appliquer les droits et devoirs des \u00e9lus<\/li>\n\n\n\n<li>Appr\u00e9hender sereinement les actes administratifs et juridiques de la collectivit\u00e9<\/li>\n<\/ul>\n\n\n\n<p><strong>Programme<\/strong><\/p>\n\n\n\n<ol class=\"wp-block-list\">\n<li>Sch\u00e9ma et organisation d\u2019une collectivit\u00e9<\/li>\n\n\n\n<li>Place de la collectivit\u00e9 dans le r\u00e9seau intercommunal<\/li>\n\n\n\n<li>Fonctionnement du conseil municipal<\/li>\n\n\n\n<li>L\u2019\u00e9lu : son statut, ses droits et devoirs<\/li>\n\n\n\n<li>Le lien entre l\u2019\u00e9lu et les salari\u00e9s de la commune<\/li>\n<\/ol>\n\n\n\n<p><strong>Public concern\u00e9<\/strong><\/p>\n\n\n\n<p>Tous les \u00e9lus locaux et certains\u00a0agents des collectivit\u00e9s territoriales sur demande simple aupr\u00e8s de notre organisme.<\/p>\n\n\n\n<p><strong>Moyens p\u00e9dagogique<\/strong>s<\/p>\n\n\n\n<p>Le travail s\u2019articulera entre les mises en situation, les \u00e9changes de savoir entre les participants et l\u2019aspect th\u00e9orique apport\u00e9 par l\u2019intervenant.<\/p>\n\n\n\n<p>Lors de formation intra-communales nous pr\u00e9parons des \u00e9tudes de cas cibl\u00e9es et des mises en situation concr\u00e8tes. Le programme de formation est modul\u00e9 sur mesure pour correspondre aux besoins des \u00e9lus, de la commune et des agents.<\/p>\n\n\n\n<p><strong>Modalit\u00e9 d&rsquo;\u00e9valuation<\/strong><\/p>\n\n\n\n<p>Suivi de l\u2019ex\u00e9cution :<\/p>\n\n\n\n<ul class=\"wp-block-list\">\n<li>Feuilles de pr\u00e9sence sign\u00e9es par les participants et le formateur par demi-journ\u00e9e de formation.<\/li>\n\n\n\n<li>Attestation de fin de formation mentionnant les objectifs, la nature et la dur\u00e9e de l\u2019action et les r\u00e9sultats de l\u2019\u00e9valuation des acquis de la formation<\/li>\n<\/ul>\n\n\n\n<p><strong>Appr\u00e9ciation des r\u00e9sultats :\u00a0<\/strong><\/p>\n\n\n\n<ul class=\"wp-block-list\">\n<li>Recueil individuel des attentes du stagiaire \/ questionnaire d\u2019auto-\u00e9valuation des acquis en d\u00e9but et en fin de formation \/ \u00e9valuation continue durant la session \/ remise d\u2019une attestation de fin de formation.<\/li>\n\n\n\n<li>Questionnaire de satisfaction en fin de formation.<\/li>\n<\/ul>\n","protected":false},"excerpt":{"rendered":"<p>Cette formation a pour objectif d\u2019aider les \u00e9lus \u00e0 saisir le monde de la collectivit\u00e9 territoriale et ma\u00eetriser le r\u00f4le et le fonctionnement du conseil municipal. Ainsi que leur permettre de comprendre et appliquer le droits et devoirs de l\u2019\u00e9lu ainsi qu\u2019appr\u00e9hender sereinement les actes administratifs et juridiques de la collectivit\u00e9. Objectif : Programme Public [&hellip;]<\/p>\n","protected":false},"author":1,"featured_media":0,"parent":0,"menu_order":0,"comment_status":"closed","ping_status":"closed","template":"","meta":{"footnotes":""},"class_list":["post-140","page","type-page","status-publish","hentry"],"_links":{"self":[{"href":"https:\/\/accompagnement.academy\/index.php\/wp-json\/wp\/v2\/pages\/140","targetHints":{"allow":["GET"]}}],"collection":[{"href":"https:\/\/accompagnement.academy\/index.php\/wp-json\/wp\/v2\/pages"}],"about":[{"href":"https:\/\/accompagnement.academy\/index.php\/wp-json\/wp\/v2\/types\/page"}],"author":[{"embeddable":true,"href":"https:\/\/accompagnement.academy\/index.php\/wp-json\/wp\/v2\/users\/1"}],"replies":[{"embeddable":true,"href":"https:\/\/accompagnement.academy\/index.php\/wp-json\/wp\/v2\/comments?post=140"}],"version-history":[{"count":1,"href":"https:\/\/accompagnement.academy\/index.php\/wp-json\/wp\/v2\/pages\/140\/revisions"}],"predecessor-version":[{"id":141,"href":"https:\/\/accompagnement.academy\/index.php\/wp-json\/wp\/v2\/pages\/140\/revisions\/141"}],"wp:attachment":[{"href":"https:\/\/accompagnement.academy\/index.php\/wp-json\/wp\/v2\/media?parent=140"}],"curies":[{"name":"wp","href":"https:\/\/api.w.org\/{rel}","templated":true}]}}