{"id":132,"date":"2026-04-14T08:02:58","date_gmt":"2026-04-14T08:02:58","guid":{"rendered":"https:\/\/accompagnement.academy\/?page_id=132"},"modified":"2026-04-14T09:11:23","modified_gmt":"2026-04-14T09:11:23","slug":"les-fondamentaux-du-mandat","status":"publish","type":"page","link":"https:\/\/accompagnement.academy\/index.php\/les-fondamentaux-du-mandat\/","title":{"rendered":"Les fondamentaux du mandat"},"content":{"rendered":"\n<p>Le mandat de maire ou d\u2019adjoint au maire implique la gestion et la mise en place des politiques publiques locales pour r\u00e9pondre aux besoins des habitants de la commune. Les \u00e9lus locaux doivent \u00e9galement repr\u00e9senter leur commune dans les instances locales, r\u00e9gionales et nationales, ainsi que prendre des d\u00e9cisions pour l\u2019avenir de leur territoire.<\/p>\n\n\n\n<p>Le maire et les adjoints au maire sont \u00e9lus par les conseillers municipaux pour un mandat de six ans. Ils sont responsables de la gestion de la commune et de la mise en \u0153uvre des politiques municipales. Les principales missions du maire sont de garantir la s\u00e9curit\u00e9 et le bien-\u00eatre de la population, de maintenir l\u2019ordre public, d\u2019assurer l\u2019entretien et le d\u00e9veloppement de la commune, ainsi que de repr\u00e9senter la municipalit\u00e9 aupr\u00e8s des autres institutions.<\/p>\n\n\n\n<p><\/p>\n\n\n\n<h2 class=\"wp-block-heading\">Nos formations <\/h2>\n\n\n\n<h5 class=\"wp-block-heading\"><strong>Statut et r\u00f4le de l&rsquo;\u00e9lu <\/strong><\/h5>\n\n\n\n<p>L\u2019\u00e9lu municipal est un citoyen qui a \u00e9t\u00e9 \u00e9lu pour repr\u00e9senter la population de sa commune. Il doit d\u00e9fendre les int\u00e9r\u00eats de ses administr\u00e9s en prenant des d\u00e9cisions qui correspondent \u00e0 leurs besoins et \u00e0 leurs attentes. L\u2019\u00e9lu municipal peut \u00eatre maire ou adjoint au maire, conseiller municipal ou membre d\u2019un conseil municipal.<\/p>\n\n\n\n<p><a href=\"https:\/\/accompagnement.academy\/index.php\/statut-et-role-de-lelu-municipal\/\">en savoir plus<\/a><\/p>\n\n\n\n<h5 class=\"wp-block-heading\"><strong>Gestion administrative locale<\/strong> <\/h5>\n\n\n\n<p>a gestion administrative locale comprend toutes les actions visant \u00e0 assurer le bon fonctionnement de la commune et \u00e0 r\u00e9pondre aux besoins de ses habitants. Elle comprend notamment la gestion des ressources humaines, la gestion financi\u00e8re, la gestion de l\u2019urbanisme et de l\u2019am\u00e9nagement du territoire, la gestion des \u00e9quipements publics, la gestion de la voirie, de l\u2019eau et de l\u2019assainissement, la gestion des services sociaux, culturels et sportifs.<\/p>\n\n\n\n<p><a href=\"https:\/\/accompagnement.academy\/index.php\/gestion-administrative-locale\/\">En savoir plus<\/a><\/p>\n\n\n\n<h5 class=\"wp-block-heading\">La\u00efcit\u00e9 dans la municipalit\u00e9 <\/h5>\n\n\n\n<p>Le principe de la\u00efcit\u00e9 est un pilier de la R\u00e9publique fran\u00e7aise qui garantit la libert\u00e9 de conscience et de culte pour tous les citoyens. Dans la municipalit\u00e9, cela signifie que la neutralit\u00e9 religieuse doit \u00eatre respect\u00e9e dans l\u2019exercice des fonctions publiques, notamment dans l\u2019organisation de c\u00e9r\u00e9monies officielles. Les \u00e9lus municipaux doivent veiller \u00e0 garantir la libert\u00e9 de culte et \u00e0 pr\u00e9venir toute discrimination li\u00e9e aux convictions religieuses ou philosophiques.<\/p>\n\n\n\n<p><a href=\"https:\/\/accompagnement.academy\/index.php\/laicite-dans-la-municipalite\/\">En savoir plus<\/a><\/p>\n\n\n\n<h5 class=\"wp-block-heading\">Organisation et fonctionnement des intercommunalit\u00e9s <\/h5>\n\n\n\n<p>Les intercommunalit\u00e9s regroupent plusieurs communes afin de g\u00e9rer des comp\u00e9tences et des services de mani\u00e8re mutualis\u00e9e. Elles sont dirig\u00e9es par des \u00e9lus qui si\u00e8gent au sein d\u2019un conseil communautaire. Les intercommunalit\u00e9s ont des comp\u00e9tences obligatoires (d\u00e9veloppement \u00e9conomique, am\u00e9nagement du territoire, environnement, etc.) et des comp\u00e9tences facultatives (culture, sport, tourisme, etc.).<\/p>\n\n\n\n<p><a href=\"https:\/\/accompagnement.academy\/index.php\/organisation-et-fonctionnement-des-intercommunalites\/\">En savoir plus <\/a><\/p>\n\n\n\n<h5 class=\"wp-block-heading\">Organisation et fonctionnement des collectivit\u00e9s territoriales <\/h5>\n\n\n\n<p>Les collectivit\u00e9s territoriales sont des institutions d\u00e9centralis\u00e9es qui ont pour mission de g\u00e9rer les affaires locales.&nbsp;<\/p>\n\n\n\n<p>Il existe trois niveaux de collectivit\u00e9s territoriales en France : les communes, les d\u00e9partements et les r\u00e9gions.<\/p>\n\n\n\n<p><a href=\"https:\/\/accompagnement.academy\/index.php\/organisation-et-fonctionnement-des-collectivites-territoriales\/\">En savoir plus<\/a><\/p>\n\n\n\n<h5 class=\"wp-block-heading\">La relation Etat \/ collectivit\u00e9 territoriale <\/h5>\n\n\n\n<p>L\u2019\u00c9tat a un r\u00f4le important dans la relation avec les collectivit\u00e9s territoriales, en particulier en ce qui concerne les comp\u00e9tences r\u00e9galiennes (d\u00e9fense, s\u00e9curit\u00e9 int\u00e9rieure, justice, etc.). Les collectivit\u00e9s territoriales sont \u00e9galement soumises \u00e0 des contraintes l\u00e9gales et r\u00e9glementaires qui \u00e9manent de l\u2019\u00c9tat.<\/p>\n\n\n\n<p>Cependant, les collectivit\u00e9s territoriales ont une certaine autonomie pour g\u00e9rer les affaires locales et prendre des d\u00e9cisions qui correspondent aux besoins de leur population.<\/p>\n\n\n\n<p><a href=\"https:\/\/accompagnement.academy\/index.php\/la-relation-etat-collectivite-territoriale\/\">En savoir plus<\/a><\/p>\n\n\n\n<h5 class=\"wp-block-heading\">S\u00e9curit\u00e9 et pouvoir de police \/ responsabilit\u00e9 des \u00e9lus  <\/h5>\n\n\n\n<p>Les \u00e9lus municipaux ont un r\u00f4le important dans la gestion de la s\u00e9curit\u00e9 et du pouvoir de police dans leur commune. Ils sont responsables de la pr\u00e9vention et de la lutte contre la d\u00e9linquance, la criminalit\u00e9 et l\u2019ins\u00e9curit\u00e9 routi\u00e8re. Ils peuvent \u00e9galement prendre des mesures de police administrative (r\u00e9glementation de la circulation, des manifestations, etc.) pour assurer l\u2019ordre public.<\/p>\n\n\n\n<p>Les \u00e9lus municipaux sont \u00e9galement responsables de la mise en place des mesures de s\u00e9curit\u00e9 civile en cas de catastrophes naturelles ou technologiques.<\/p>\n\n\n\n<p>Enfin, ils ont \u00e9galement un r\u00f4le important dans la pr\u00e9vention de la radicalisation et de la lutte contre le terrorisme.<\/p>\n\n\n\n<p><\/p>\n\n\n\n<p><a href=\"https:\/\/accompagnement.academy\/index.php\/securite-et-pouvoir-de-police-responsabilite-des-elus\/\">En savoir plus<\/a><\/p>\n","protected":false},"excerpt":{"rendered":"<p>Le mandat de maire ou d\u2019adjoint au maire implique la gestion et la mise en place des politiques publiques locales pour r\u00e9pondre aux besoins des habitants de la commune. Les \u00e9lus locaux doivent \u00e9galement repr\u00e9senter leur commune dans les instances locales, r\u00e9gionales et nationales, ainsi que prendre des d\u00e9cisions pour l\u2019avenir de leur territoire. Le [&hellip;]<\/p>\n","protected":false},"author":1,"featured_media":0,"parent":0,"menu_order":0,"comment_status":"closed","ping_status":"closed","template":"","meta":{"footnotes":""},"class_list":["post-132","page","type-page","status-publish","hentry"],"_links":{"self":[{"href":"https:\/\/accompagnement.academy\/index.php\/wp-json\/wp\/v2\/pages\/132","targetHints":{"allow":["GET"]}}],"collection":[{"href":"https:\/\/accompagnement.academy\/index.php\/wp-json\/wp\/v2\/pages"}],"about":[{"href":"https:\/\/accompagnement.academy\/index.php\/wp-json\/wp\/v2\/types\/page"}],"author":[{"embeddable":true,"href":"https:\/\/accompagnement.academy\/index.php\/wp-json\/wp\/v2\/users\/1"}],"replies":[{"embeddable":true,"href":"https:\/\/accompagnement.academy\/index.php\/wp-json\/wp\/v2\/comments?post=132"}],"version-history":[{"count":13,"href":"https:\/\/accompagnement.academy\/index.php\/wp-json\/wp\/v2\/pages\/132\/revisions"}],"predecessor-version":[{"id":169,"href":"https:\/\/accompagnement.academy\/index.php\/wp-json\/wp\/v2\/pages\/132\/revisions\/169"}],"wp:attachment":[{"href":"https:\/\/accompagnement.academy\/index.php\/wp-json\/wp\/v2\/media?parent=132"}],"curies":[{"name":"wp","href":"https:\/\/api.w.org\/{rel}","templated":true}]}}